{"id":2,"date":"2025-06-18T12:01:48","date_gmt":"2025-06-18T10:01:48","guid":{"rendered":"https:\/\/pavlosphoto.pl\/?page_id=2"},"modified":"2025-12-17T18:31:06","modified_gmt":"2025-12-17T17:31:06","slug":"przykladowa-strona","status":"publish","type":"page","link":"https:\/\/pavlosphoto.pl\/index.php\/przykladowa-strona\/","title":{"rendered":"KONTAKT"},"content":{"rendered":"\t\t<div data-elementor-type=\"wp-page\" data-elementor-id=\"2\" class=\"elementor elementor-2\">\n\t\t\t\t<div class=\"elementor-element elementor-element-27889bbb e-con-full e-flex e-con e-parent\" data-id=\"27889bbb\" data-element_type=\"container\">\n\t\t\t\t<div class=\"elementor-element elementor-element-55f06672 elementor-widget elementor-widget-text-editor\" data-id=\"55f06672\" data-element_type=\"widget\" data-widget_type=\"text-editor.default\">\n\t\t\t\t\t\t\t\t\t<p><\/p>\n<p>Rozpocznij Podr\u00f3\u017c<\/p>\n<p><\/p>\n<h1 class=\"wp-block-heading\">Porozmawiajmy<\/h1>\n<p><\/p>\n<p>Masz pytania? Chcesz dowiedzie\u0107 si\u0119 wi\u0119cej o sesjach lub rytua\u0142ach? Jestem tu dla Ciebie. Napisz lub zadzwo\u0144, a wsp\u00f3lnie znajdziemy termin na Twoje spotkanie ze sob\u0105.<\/p>\n<p><\/p>\n<h3 class=\"wp-block-heading\">Email<\/h3>\n<p><\/p>\n<p><a href=\"mailto:kontakt@pavlosphoto.pl\">katarzyna@p<\/a>avlosphoto.pl<\/p>\n<p><\/p>\n<h3 class=\"wp-block-heading\">Telefon<\/h3>\n<p><\/p>\n<p><a href=\"tel:+48000000000\">+48 669 013 017<\/a><\/p>\n<p><\/p>\n<h3 class=\"wp-block-heading\">Lokalizacja<\/h3>\n<p><\/p>\n<p>Warszawa &amp; Lublin<br>(Dost\u0119pna r\u00f3wnie\u017c na wyjazdy)<\/p>\n<p><\/p>\n<h3 class=\"wp-block-heading\">Social Media<\/h3>\n<p><\/p>\n<p><a href=\"https:\/\/instagram.com\/pavlos_photo\" target=\"_blank\" rel=\"noreferrer noopener\">@pavlos_photo<\/a><\/p>\n<p><\/p>\t\t\t\t\t\t\t\t<\/div>\n\t\t\t\t<\/div>\n\t\t\t\t<\/div>\n\t\t","protected":false},"excerpt":{"rendered":"<p>Rozpocznij Podr\u00f3\u017c Porozmawiajmy Masz pytania? Chcesz dowiedzie\u0107 si\u0119 wi\u0119cej o sesjach lub rytua\u0142ach? Jestem tu dla Ciebie. Napisz lub zadzwo\u0144, a wsp\u00f3lnie znajdziemy termin na Twoje spotkanie ze sob\u0105. Email katarzyna@pavlosphoto.pl Telefon +48 669 013 017 Lokalizacja Warszawa &amp; Lublin(Dost\u0119pna r\u00f3wnie\u017c na wyjazdy) Social Media @pavlos_photo<\/p>\n","protected":false},"author":1,"featured_media":0,"parent":0,"menu_order":4,"comment_status":"closed","ping_status":"open","template":"","meta":{"footnotes":""},"class_list":["post-2","page","type-page","status-publish","hentry"],"_links":{"self":[{"href":"https:\/\/pavlosphoto.pl\/index.php\/wp-json\/wp\/v2\/pages\/2","targetHints":{"allow":["GET"]}}],"collection":[{"href":"https:\/\/pavlosphoto.pl\/index.php\/wp-json\/wp\/v2\/pages"}],"about":[{"href":"https:\/\/pavlosphoto.pl\/index.php\/wp-json\/wp\/v2\/types\/page"}],"author":[{"embeddable":true,"href":"https:\/\/pavlosphoto.pl\/index.php\/wp-json\/wp\/v2\/users\/1"}],"replies":[{"embeddable":true,"href":"https:\/\/pavlosphoto.pl\/index.php\/wp-json\/wp\/v2\/comments?post=2"}],"version-history":[{"count":9,"href":"https:\/\/pavlosphoto.pl\/index.php\/wp-json\/wp\/v2\/pages\/2\/revisions"}],"predecessor-version":[{"id":127,"href":"https:\/\/pavlosphoto.pl\/index.php\/wp-json\/wp\/v2\/pages\/2\/revisions\/127"}],"wp:attachment":[{"href":"https:\/\/pavlosphoto.pl\/index.php\/wp-json\/wp\/v2\/media?parent=2"}],"curies":[{"name":"wp","href":"https:\/\/api.w.org\/{rel}","templated":true}]}}