{"id":12,"date":"2025-12-16T14:54:20","date_gmt":"2025-12-16T13:54:20","guid":{"rendered":"https:\/\/pavlosphoto.pl\/?page_id=12"},"modified":"2025-12-16T16:29:44","modified_gmt":"2025-12-16T15:29:44","slug":"strona-gl","status":"publish","type":"page","link":"https:\/\/pavlosphoto.pl\/","title":{"rendered":"HOME"},"content":{"rendered":"\t\t<div data-elementor-type=\"wp-page\" data-elementor-id=\"12\" class=\"elementor elementor-12\">\n\t\t\t\t<div class=\"elementor-element elementor-element-891387d e-flex e-con-boxed e-con e-parent\" data-id=\"891387d\" data-element_type=\"container\">\n\t\t\t\t\t<div class=\"e-con-inner\">\n\t\t\t\t<div class=\"elementor-element elementor-element-5b9c08d elementor-widget__width-initial elementor-widget elementor-widget-text-editor\" data-id=\"5b9c08d\" data-element_type=\"widget\" data-widget_type=\"text-editor.default\">\n\t\t\t\t\t\t\t\t\t<p><span class=\"font-script text-3xl md:text-4xl text-muted-foreground mb-6 block\" data-loc=\"client\/src\/pages\/Home.tsx:91\">Katarzyna Pavlos<\/span><\/p>\n<h3 class=\"font-serif text-2xl md:text-4xl leading-tight mb-8\" data-loc=\"client\/src\/pages\/Home.tsx:92\">&#8222;Wierz\u0119, \u017ce ka\u017cda kobieta nosi w sobie histori\u0119 wart\u0105 opowiedzenia. Moim celem jest stworzenie przestrzeni, w kt\u00f3rej poczujesz si\u0119 widziana, pi\u0119kna i silna.&#8221;<\/h3>\n<p>\u00a0<\/p>\t\t\t\t\t\t\t\t<\/div>\n\t\t\t\t<div class=\"elementor-element elementor-element-59ee39b elementor-widget elementor-widget-image\" data-id=\"59ee39b\" data-element_type=\"widget\" data-widget_type=\"image.default\">\n\t\t\t\t\t\t\t\t\t\t\t\t\t\t\t<img decoding=\"async\" src=\"https:\/\/pavlosphoto.pl\/wp-content\/uploads\/2025\/12\/aa-scaled.jpg\" title=\"\" alt=\"\" loading=\"lazy\" \/>\t\t\t\t\t\t\t\t\t\t\t\t\t\t\t<\/div>\n\t\t\t\t<div class=\"elementor-element elementor-element-b771d8a elementor-widget elementor-widget-text-editor\" data-id=\"b771d8a\" data-element_type=\"widget\" data-widget_type=\"text-editor.default\">\n\t\t\t\t\t\t\t\t\t<p><em>Dzia\u0142am w Warszawie i Lublinie, \u0142\u0105cz\u0105c sztuk\u0119 fotografii z g\u0142\u0119bokim zrozumieniem kobiecej natury. Niezale\u017cnie od tego, czy wybierzesz klasyczn\u0105 sesj\u0119 kobiec\u0105, czy g\u0142\u0119boki proces rytua\u0142u \u2013 jestem tu, by towarzyszy\u0107 Ci w tej podr\u00f3\u017cy.<\/em><\/p>\t\t\t\t\t\t\t\t<\/div>\n\t\t\t\t\t<\/div>\n\t\t\t\t<\/div>\n\t\t\t\t<\/div>\n\t\t","protected":false},"excerpt":{"rendered":"<p>Katarzyna Pavlos &#8222;Wierz\u0119, \u017ce ka\u017cda kobieta nosi w sobie histori\u0119 wart\u0105 opowiedzenia. Moim celem jest stworzenie przestrzeni, w kt\u00f3rej poczujesz si\u0119 widziana, pi\u0119kna i silna.&#8221; \u00a0 Dzia\u0142am w Warszawie i Lublinie, \u0142\u0105cz\u0105c sztuk\u0119 fotografii z g\u0142\u0119bokim zrozumieniem kobiecej natury. Niezale\u017cnie od tego, czy wybierzesz klasyczn\u0105 sesj\u0119 kobiec\u0105, czy g\u0142\u0119boki proces rytua\u0142u \u2013 jestem tu, by [&hellip;]<\/p>\n","protected":false},"author":2,"featured_media":0,"parent":0,"menu_order":0,"comment_status":"closed","ping_status":"closed","template":"","meta":{"footnotes":""},"class_list":["post-12","page","type-page","status-publish","hentry"],"_links":{"self":[{"href":"https:\/\/pavlosphoto.pl\/index.php\/wp-json\/wp\/v2\/pages\/12","targetHints":{"allow":["GET"]}}],"collection":[{"href":"https:\/\/pavlosphoto.pl\/index.php\/wp-json\/wp\/v2\/pages"}],"about":[{"href":"https:\/\/pavlosphoto.pl\/index.php\/wp-json\/wp\/v2\/types\/page"}],"author":[{"embeddable":true,"href":"https:\/\/pavlosphoto.pl\/index.php\/wp-json\/wp\/v2\/users\/2"}],"replies":[{"embeddable":true,"href":"https:\/\/pavlosphoto.pl\/index.php\/wp-json\/wp\/v2\/comments?post=12"}],"version-history":[{"count":22,"href":"https:\/\/pavlosphoto.pl\/index.php\/wp-json\/wp\/v2\/pages\/12\/revisions"}],"predecessor-version":[{"id":89,"href":"https:\/\/pavlosphoto.pl\/index.php\/wp-json\/wp\/v2\/pages\/12\/revisions\/89"}],"wp:attachment":[{"href":"https:\/\/pavlosphoto.pl\/index.php\/wp-json\/wp\/v2\/media?parent=12"}],"curies":[{"name":"wp","href":"https:\/\/api.w.org\/{rel}","templated":true}]}}